{"id":3588,"date":"2020-09-28T13:23:00","date_gmt":"2020-09-28T11:23:00","guid":{"rendered":"http:\/\/localhost:8888\/evogreen\/produits-all\/posch\/"},"modified":"2025-07-17T12:03:39","modified_gmt":"2025-07-17T10:03:39","slug":"posch","status":"publish","type":"page","link":"https:\/\/evogreen.be\/nl\/produits-all\/posch\/","title":{"rendered":"Posch"},"content":{"rendered":"","protected":false},"excerpt":{"rendered":"","protected":false},"author":2,"featured_media":239,"parent":3751,"menu_order":19,"comment_status":"closed","ping_status":"closed","template":"page-produits.php","meta":{"_acf_changed":false,"footnotes":""},"class_list":["post-3588","page","type-page","status-publish","has-post-thumbnail","hentry"],"acf":[],"yoast_head":"<!-- This site is optimized with the Yoast SEO plugin v26.9 - https:\/\/yoast.com\/product\/yoast-seo-wordpress\/ -->\n<title>Nos produits Posch - Evogreen : distributeur de machines Posch en Belgique<\/title>\n<meta name=\"description\" content=\"Du broyeur \u00e0 la scie circulaire \u00e0 bois en passant par la fendeuse et l&#039;\u00e9corceuse, retrouvez l&#039;ensemble de nos machines environnementales Posch.\" \/>\n<meta name=\"robots\" content=\"index, follow, max-snippet:-1, max-image-preview:large, max-video-preview:-1\" \/>\n<link rel=\"canonical\" href=\"https:\/\/evogreen.be\/nl\/produits-all\/posch\/\" \/>\n<meta property=\"og:locale\" content=\"nl_NL\" \/>\n<meta property=\"og:type\" content=\"article\" \/>\n<meta property=\"og:title\" content=\"Nos produits Posch - Evogreen : distributeur de machines Posch en Belgique\" \/>\n<meta property=\"og:description\" content=\"Du broyeur \u00e0 la scie circulaire \u00e0 bois en passant par la fendeuse et l&#039;\u00e9corceuse, retrouvez l&#039;ensemble de nos machines environnementales Posch.\" \/>\n<meta property=\"og:url\" content=\"https:\/\/evogreen.be\/nl\/produits-all\/posch\/\" \/>\n<meta property=\"og:site_name\" content=\"Evogreen\" \/>\n<meta property=\"article:modified_time\" content=\"2025-07-17T10:03:39+00:00\" \/>\n<meta property=\"og:image\" content=\"https:\/\/evogreen.be\/wp-content\/uploads\/2019\/07\/SLIDE-2.jpg\" \/>\n\t<meta property=\"og:image:width\" content=\"1440\" \/>\n\t<meta property=\"og:image:height\" content=\"720\" \/>\n\t<meta property=\"og:image:type\" content=\"image\/jpeg\" \/>\n<meta name=\"twitter:card\" content=\"summary_large_image\" \/>\n<meta name=\"twitter:label1\" content=\"Est. reading time\" \/>\n\t<meta name=\"twitter:data1\" content=\"1 minute\" \/>\n<script type=\"application\/ld+json\" class=\"yoast-schema-graph\">{\"@context\":\"https:\/\/schema.org\",\"@graph\":[{\"@type\":\"WebPage\",\"@id\":\"https:\/\/evogreen.be\/nl\/produits-all\/posch\/\",\"url\":\"https:\/\/evogreen.be\/nl\/produits-all\/posch\/\",\"name\":\"Nos produits Posch - Evogreen : distributeur de machines Posch en Belgique\",\"isPartOf\":{\"@id\":\"\/#website\"},\"primaryImageOfPage\":{\"@id\":\"https:\/\/evogreen.be\/nl\/produits-all\/posch\/#primaryimage\"},\"image\":{\"@id\":\"https:\/\/evogreen.be\/nl\/produits-all\/posch\/#primaryimage\"},\"thumbnailUrl\":\"https:\/\/evogreen.be\/wp-content\/uploads\/2019\/07\/SLIDE-2.jpg\",\"datePublished\":\"2020-09-28T11:23:00+00:00\",\"dateModified\":\"2025-07-17T10:03:39+00:00\",\"description\":\"Du broyeur \u00e0 la scie circulaire \u00e0 bois en passant par la fendeuse et l'\u00e9corceuse, retrouvez l'ensemble de nos machines environnementales Posch.\",\"breadcrumb\":{\"@id\":\"https:\/\/evogreen.be\/nl\/produits-all\/posch\/#breadcrumb\"},\"inLanguage\":\"nl-NL\",\"potentialAction\":[{\"@type\":\"ReadAction\",\"target\":[\"https:\/\/evogreen.be\/nl\/produits-all\/posch\/\"]}]},{\"@type\":\"ImageObject\",\"inLanguage\":\"nl-NL\",\"@id\":\"https:\/\/evogreen.be\/nl\/produits-all\/posch\/#primaryimage\",\"url\":\"https:\/\/evogreen.be\/wp-content\/uploads\/2019\/07\/SLIDE-2.jpg\",\"contentUrl\":\"https:\/\/evogreen.be\/wp-content\/uploads\/2019\/07\/SLIDE-2.jpg\",\"width\":1440,\"height\":720},{\"@type\":\"BreadcrumbList\",\"@id\":\"https:\/\/evogreen.be\/nl\/produits-all\/posch\/#breadcrumb\",\"itemListElement\":[{\"@type\":\"ListItem\",\"position\":1,\"name\":\"Home\",\"item\":\"https:\/\/evogreen.be\/nl\/\"},{\"@type\":\"ListItem\",\"position\":2,\"name\":\"Producten\",\"item\":\"https:\/\/evogreen.be\/nl\/produits-all\/\"},{\"@type\":\"ListItem\",\"position\":3,\"name\":\"Posch\"}]},{\"@type\":\"WebSite\",\"@id\":\"\/#website\",\"url\":\"\/\",\"name\":\"Evogreen\",\"description\":\"Un site utilisant WordPress\",\"publisher\":{\"@id\":\"\/#organization\"},\"potentialAction\":[{\"@type\":\"SearchAction\",\"target\":{\"@type\":\"EntryPoint\",\"urlTemplate\":\"\/?s={search_term_string}\"},\"query-input\":{\"@type\":\"PropertyValueSpecification\",\"valueRequired\":true,\"valueName\":\"search_term_string\"}}],\"inLanguage\":\"nl-NL\"},{\"@type\":\"Organization\",\"@id\":\"\/#organization\",\"name\":\"Evogreen\",\"url\":\"\/\",\"logo\":{\"@type\":\"ImageObject\",\"inLanguage\":\"nl-NL\",\"@id\":\"\/#\/schema\/logo\/image\/\",\"url\":\"https:\/\/evogreen.be\/wp-content\/uploads\/2019\/06\/logo.png\",\"contentUrl\":\"https:\/\/evogreen.be\/wp-content\/uploads\/2019\/06\/logo.png\",\"width\":2620,\"height\":455,\"caption\":\"Evogreen\"},\"image\":{\"@id\":\"\/#\/schema\/logo\/image\/\"}}]}<\/script>\n<!-- \/ Yoast SEO plugin. -->","yoast_head_json":{"title":"Nos produits Posch - Evogreen : distributeur de machines Posch en Belgique","description":"Du broyeur \u00e0 la scie circulaire \u00e0 bois en passant par la fendeuse et l'\u00e9corceuse, retrouvez l'ensemble de nos machines environnementales Posch.","robots":{"index":"index","follow":"follow","max-snippet":"max-snippet:-1","max-image-preview":"max-image-preview:large","max-video-preview":"max-video-preview:-1"},"canonical":"https:\/\/evogreen.be\/nl\/produits-all\/posch\/","og_locale":"nl_NL","og_type":"article","og_title":"Nos produits Posch - Evogreen : distributeur de machines Posch en Belgique","og_description":"Du broyeur \u00e0 la scie circulaire \u00e0 bois en passant par la fendeuse et l'\u00e9corceuse, retrouvez l'ensemble de nos machines environnementales Posch.","og_url":"https:\/\/evogreen.be\/nl\/produits-all\/posch\/","og_site_name":"Evogreen","article_modified_time":"2025-07-17T10:03:39+00:00","og_image":[{"width":1440,"height":720,"url":"https:\/\/evogreen.be\/wp-content\/uploads\/2019\/07\/SLIDE-2.jpg","type":"image\/jpeg"}],"twitter_card":"summary_large_image","twitter_misc":{"Est. reading time":"1 minute"},"schema":{"@context":"https:\/\/schema.org","@graph":[{"@type":"WebPage","@id":"https:\/\/evogreen.be\/nl\/produits-all\/posch\/","url":"https:\/\/evogreen.be\/nl\/produits-all\/posch\/","name":"Nos produits Posch - Evogreen : distributeur de machines Posch en Belgique","isPartOf":{"@id":"\/#website"},"primaryImageOfPage":{"@id":"https:\/\/evogreen.be\/nl\/produits-all\/posch\/#primaryimage"},"image":{"@id":"https:\/\/evogreen.be\/nl\/produits-all\/posch\/#primaryimage"},"thumbnailUrl":"https:\/\/evogreen.be\/wp-content\/uploads\/2019\/07\/SLIDE-2.jpg","datePublished":"2020-09-28T11:23:00+00:00","dateModified":"2025-07-17T10:03:39+00:00","description":"Du broyeur \u00e0 la scie circulaire \u00e0 bois en passant par la fendeuse et l'\u00e9corceuse, retrouvez l'ensemble de nos machines environnementales Posch.","breadcrumb":{"@id":"https:\/\/evogreen.be\/nl\/produits-all\/posch\/#breadcrumb"},"inLanguage":"nl-NL","potentialAction":[{"@type":"ReadAction","target":["https:\/\/evogreen.be\/nl\/produits-all\/posch\/"]}]},{"@type":"ImageObject","inLanguage":"nl-NL","@id":"https:\/\/evogreen.be\/nl\/produits-all\/posch\/#primaryimage","url":"https:\/\/evogreen.be\/wp-content\/uploads\/2019\/07\/SLIDE-2.jpg","contentUrl":"https:\/\/evogreen.be\/wp-content\/uploads\/2019\/07\/SLIDE-2.jpg","width":1440,"height":720},{"@type":"BreadcrumbList","@id":"https:\/\/evogreen.be\/nl\/produits-all\/posch\/#breadcrumb","itemListElement":[{"@type":"ListItem","position":1,"name":"Home","item":"https:\/\/evogreen.be\/nl\/"},{"@type":"ListItem","position":2,"name":"Producten","item":"https:\/\/evogreen.be\/nl\/produits-all\/"},{"@type":"ListItem","position":3,"name":"Posch"}]},{"@type":"WebSite","@id":"\/#website","url":"\/","name":"Evogreen","description":"Un site utilisant WordPress","publisher":{"@id":"\/#organization"},"potentialAction":[{"@type":"SearchAction","target":{"@type":"EntryPoint","urlTemplate":"\/?s={search_term_string}"},"query-input":{"@type":"PropertyValueSpecification","valueRequired":true,"valueName":"search_term_string"}}],"inLanguage":"nl-NL"},{"@type":"Organization","@id":"\/#organization","name":"Evogreen","url":"\/","logo":{"@type":"ImageObject","inLanguage":"nl-NL","@id":"\/#\/schema\/logo\/image\/","url":"https:\/\/evogreen.be\/wp-content\/uploads\/2019\/06\/logo.png","contentUrl":"https:\/\/evogreen.be\/wp-content\/uploads\/2019\/06\/logo.png","width":2620,"height":455,"caption":"Evogreen"},"image":{"@id":"\/#\/schema\/logo\/image\/"}}]}},"_links":{"self":[{"href":"https:\/\/evogreen.be\/nl\/wp-json\/wp\/v2\/pages\/3588","targetHints":{"allow":["GET"]}}],"collection":[{"href":"https:\/\/evogreen.be\/nl\/wp-json\/wp\/v2\/pages"}],"about":[{"href":"https:\/\/evogreen.be\/nl\/wp-json\/wp\/v2\/types\/page"}],"author":[{"embeddable":true,"href":"https:\/\/evogreen.be\/nl\/wp-json\/wp\/v2\/users\/2"}],"replies":[{"embeddable":true,"href":"https:\/\/evogreen.be\/nl\/wp-json\/wp\/v2\/comments?post=3588"}],"version-history":[{"count":2,"href":"https:\/\/evogreen.be\/nl\/wp-json\/wp\/v2\/pages\/3588\/revisions"}],"predecessor-version":[{"id":5388,"href":"https:\/\/evogreen.be\/nl\/wp-json\/wp\/v2\/pages\/3588\/revisions\/5388"}],"up":[{"embeddable":true,"href":"https:\/\/evogreen.be\/nl\/wp-json\/wp\/v2\/pages\/3751"}],"wp:featuredmedia":[{"embeddable":true,"href":"https:\/\/evogreen.be\/nl\/wp-json\/wp\/v2\/media\/239"}],"wp:attachment":[{"href":"https:\/\/evogreen.be\/nl\/wp-json\/wp\/v2\/media?parent=3588"}],"curies":[{"name":"wp","href":"https:\/\/api.w.org\/{rel}","templated":true}]}}