{"id":492,"date":"2019-07-24T13:36:33","date_gmt":"2019-07-24T11:36:33","guid":{"rendered":"https:\/\/evogreen.be\/?page_id=492"},"modified":"2025-07-17T13:50:32","modified_gmt":"2025-07-17T11:50:32","slug":"locations","status":"publish","type":"page","link":"https:\/\/evogreen.be\/fr\/locations\/","title":{"rendered":"Locations"},"content":{"rendered":"\r\n<h2 style=\"font-size: 200%;\" align=\"LEFT\">Directement disponible \u00e0 la location<\/h2>\r\n<h1 style=\"color: #b3d143; font-size: 200%;\">Facilitez vos chantiers ext\u00e9rieurs<\/h1>\r\n\r\n\r\n\r\n<p>Principalement ax\u00e9e sur les machines pour l&rsquo;entretien des espaces verts, des routes et du mat\u00e9riel forestier, Evogreen vous aidera \u00e0 trouver et louer la machine et le mat\u00e9riel correspondant vraiment \u00e0 vos besoins.<\/p>\r\n\r\n\r\n\r\n<p>R\u00e9f\u00e9rence belge en mati\u00e8re d\u2019espaces verts, nous mettons \u00e0 votre disposition tout le savoir faire des marques de renomm\u00e9e telles que Tuchel, Linddana, Posch, FSI et TP.<\/p>\r\n\r\n\r\n\r\n<p>La r\u00e9putation de nos diff\u00e9rents partenaires n&rsquo;est plus \u00e0 faire. Nous ne collaborons qu&rsquo;avec des marques \u00ab\u00a0r\u00e9f\u00e9rences\u00a0\u00bb dans le secteur de la machinerie environnementale pour garantir satisfaction et efficacit\u00e9 \u00e0 tous nos clients.<\/p>\r\n","protected":false},"excerpt":{"rendered":"<p>Directement disponible \u00e0 la location Facilitez vos chantiers ext\u00e9rieurs Principalement ax\u00e9e sur les machines pour l&rsquo;entretien des espaces verts, des routes et du mat\u00e9riel forestier, Evogreen vous aidera \u00e0 trouver et louer la machine et le mat\u00e9riel correspondant vraiment \u00e0 vos besoins. R\u00e9f\u00e9rence belge en mati\u00e8re d\u2019espaces verts, nous mettons \u00e0 votre disposition tout le [&hellip;]<\/p>\n","protected":false},"author":2,"featured_media":71,"parent":0,"menu_order":20,"comment_status":"closed","ping_status":"closed","template":"locations.php","meta":{"_acf_changed":false,"footnotes":""},"class_list":["post-492","page","type-page","status-publish","has-post-thumbnail","hentry"],"acf":[],"yoast_head":"<!-- This site is optimized with the Yoast SEO plugin v26.9 - https:\/\/yoast.com\/product\/yoast-seo-wordpress\/ -->\n<title>Locations - Evogreen : Facilitez vos chantiers ext\u00e9rieurs.<\/title>\n<meta name=\"description\" content=\"Envie de louer l&#039;une de nos machines? N&#039;h\u00e9sitez pas \u00e0 consulter nos fiches techniques et \u00e0 nous contacter afin de louer la machine de vos r\u00eaves.\" \/>\n<meta name=\"robots\" content=\"index, follow, max-snippet:-1, max-image-preview:large, max-video-preview:-1\" \/>\n<link rel=\"canonical\" href=\"https:\/\/evogreen.be\/fr\/locations\/\" \/>\n<meta property=\"og:locale\" content=\"fr_FR\" \/>\n<meta property=\"og:type\" content=\"article\" \/>\n<meta property=\"og:title\" content=\"Locations - Evogreen : Facilitez vos chantiers ext\u00e9rieurs.\" \/>\n<meta property=\"og:description\" content=\"Envie de louer l&#039;une de nos machines? N&#039;h\u00e9sitez pas \u00e0 consulter nos fiches techniques et \u00e0 nous contacter afin de louer la machine de vos r\u00eaves.\" \/>\n<meta property=\"og:url\" content=\"https:\/\/evogreen.be\/fr\/locations\/\" \/>\n<meta property=\"og:site_name\" content=\"Evogreen\" \/>\n<meta property=\"article:modified_time\" content=\"2025-07-17T11:50:32+00:00\" \/>\n<meta property=\"og:image\" content=\"https:\/\/evogreen.be\/wp-content\/uploads\/2019\/06\/simon-rae-PI7IdSO2Pvs-unsplash1.jpg\" \/>\n\t<meta property=\"og:image:width\" content=\"2400\" \/>\n\t<meta property=\"og:image:height\" content=\"1600\" \/>\n\t<meta property=\"og:image:type\" content=\"image\/jpeg\" \/>\n<meta name=\"twitter:card\" content=\"summary_large_image\" \/>\n<meta name=\"twitter:label1\" content=\"Dur\u00e9e de lecture estim\u00e9e\" \/>\n\t<meta name=\"twitter:data1\" content=\"1 minute\" \/>\n<script type=\"application\/ld+json\" class=\"yoast-schema-graph\">{\"@context\":\"https:\/\/schema.org\",\"@graph\":[{\"@type\":\"WebPage\",\"@id\":\"https:\/\/evogreen.be\/fr\/locations\/\",\"url\":\"https:\/\/evogreen.be\/fr\/locations\/\",\"name\":\"Locations - Evogreen : Facilitez vos chantiers ext\u00e9rieurs.\",\"isPartOf\":{\"@id\":\"\/#website\"},\"primaryImageOfPage\":{\"@id\":\"https:\/\/evogreen.be\/fr\/locations\/#primaryimage\"},\"image\":{\"@id\":\"https:\/\/evogreen.be\/fr\/locations\/#primaryimage\"},\"thumbnailUrl\":\"https:\/\/evogreen.be\/wp-content\/uploads\/2019\/06\/simon-rae-PI7IdSO2Pvs-unsplash1.jpg\",\"datePublished\":\"2019-07-24T11:36:33+00:00\",\"dateModified\":\"2025-07-17T11:50:32+00:00\",\"description\":\"Envie de louer l'une de nos machines? N'h\u00e9sitez pas \u00e0 consulter nos fiches techniques et \u00e0 nous contacter afin de louer la machine de vos r\u00eaves.\",\"breadcrumb\":{\"@id\":\"https:\/\/evogreen.be\/fr\/locations\/#breadcrumb\"},\"inLanguage\":\"fr-FR\",\"potentialAction\":[{\"@type\":\"ReadAction\",\"target\":[\"https:\/\/evogreen.be\/fr\/locations\/\"]}]},{\"@type\":\"ImageObject\",\"inLanguage\":\"fr-FR\",\"@id\":\"https:\/\/evogreen.be\/fr\/locations\/#primaryimage\",\"url\":\"https:\/\/evogreen.be\/wp-content\/uploads\/2019\/06\/simon-rae-PI7IdSO2Pvs-unsplash1.jpg\",\"contentUrl\":\"https:\/\/evogreen.be\/wp-content\/uploads\/2019\/06\/simon-rae-PI7IdSO2Pvs-unsplash1.jpg\",\"width\":2400,\"height\":1600},{\"@type\":\"BreadcrumbList\",\"@id\":\"https:\/\/evogreen.be\/fr\/locations\/#breadcrumb\",\"itemListElement\":[{\"@type\":\"ListItem\",\"position\":1,\"name\":\"Home\",\"item\":\"https:\/\/evogreen.be\/fr\/\"},{\"@type\":\"ListItem\",\"position\":2,\"name\":\"Locations\"}]},{\"@type\":\"WebSite\",\"@id\":\"\/#website\",\"url\":\"\/\",\"name\":\"Evogreen\",\"description\":\"Un site utilisant WordPress\",\"publisher\":{\"@id\":\"\/#organization\"},\"potentialAction\":[{\"@type\":\"SearchAction\",\"target\":{\"@type\":\"EntryPoint\",\"urlTemplate\":\"\/?s={search_term_string}\"},\"query-input\":{\"@type\":\"PropertyValueSpecification\",\"valueRequired\":true,\"valueName\":\"search_term_string\"}}],\"inLanguage\":\"fr-FR\"},{\"@type\":\"Organization\",\"@id\":\"\/#organization\",\"name\":\"Evogreen\",\"url\":\"\/\",\"logo\":{\"@type\":\"ImageObject\",\"inLanguage\":\"fr-FR\",\"@id\":\"\/#\/schema\/logo\/image\/\",\"url\":\"https:\/\/evogreen.be\/wp-content\/uploads\/2019\/06\/logo.png\",\"contentUrl\":\"https:\/\/evogreen.be\/wp-content\/uploads\/2019\/06\/logo.png\",\"width\":2620,\"height\":455,\"caption\":\"Evogreen\"},\"image\":{\"@id\":\"\/#\/schema\/logo\/image\/\"}}]}<\/script>\n<!-- \/ Yoast SEO plugin. -->","yoast_head_json":{"title":"Locations - Evogreen : Facilitez vos chantiers ext\u00e9rieurs.","description":"Envie de louer l'une de nos machines? N'h\u00e9sitez pas \u00e0 consulter nos fiches techniques et \u00e0 nous contacter afin de louer la machine de vos r\u00eaves.","robots":{"index":"index","follow":"follow","max-snippet":"max-snippet:-1","max-image-preview":"max-image-preview:large","max-video-preview":"max-video-preview:-1"},"canonical":"https:\/\/evogreen.be\/fr\/locations\/","og_locale":"fr_FR","og_type":"article","og_title":"Locations - Evogreen : Facilitez vos chantiers ext\u00e9rieurs.","og_description":"Envie de louer l'une de nos machines? N'h\u00e9sitez pas \u00e0 consulter nos fiches techniques et \u00e0 nous contacter afin de louer la machine de vos r\u00eaves.","og_url":"https:\/\/evogreen.be\/fr\/locations\/","og_site_name":"Evogreen","article_modified_time":"2025-07-17T11:50:32+00:00","og_image":[{"width":2400,"height":1600,"url":"https:\/\/evogreen.be\/wp-content\/uploads\/2019\/06\/simon-rae-PI7IdSO2Pvs-unsplash1.jpg","type":"image\/jpeg"}],"twitter_card":"summary_large_image","twitter_misc":{"Dur\u00e9e de lecture estim\u00e9e":"1 minute"},"schema":{"@context":"https:\/\/schema.org","@graph":[{"@type":"WebPage","@id":"https:\/\/evogreen.be\/fr\/locations\/","url":"https:\/\/evogreen.be\/fr\/locations\/","name":"Locations - Evogreen : Facilitez vos chantiers ext\u00e9rieurs.","isPartOf":{"@id":"\/#website"},"primaryImageOfPage":{"@id":"https:\/\/evogreen.be\/fr\/locations\/#primaryimage"},"image":{"@id":"https:\/\/evogreen.be\/fr\/locations\/#primaryimage"},"thumbnailUrl":"https:\/\/evogreen.be\/wp-content\/uploads\/2019\/06\/simon-rae-PI7IdSO2Pvs-unsplash1.jpg","datePublished":"2019-07-24T11:36:33+00:00","dateModified":"2025-07-17T11:50:32+00:00","description":"Envie de louer l'une de nos machines? N'h\u00e9sitez pas \u00e0 consulter nos fiches techniques et \u00e0 nous contacter afin de louer la machine de vos r\u00eaves.","breadcrumb":{"@id":"https:\/\/evogreen.be\/fr\/locations\/#breadcrumb"},"inLanguage":"fr-FR","potentialAction":[{"@type":"ReadAction","target":["https:\/\/evogreen.be\/fr\/locations\/"]}]},{"@type":"ImageObject","inLanguage":"fr-FR","@id":"https:\/\/evogreen.be\/fr\/locations\/#primaryimage","url":"https:\/\/evogreen.be\/wp-content\/uploads\/2019\/06\/simon-rae-PI7IdSO2Pvs-unsplash1.jpg","contentUrl":"https:\/\/evogreen.be\/wp-content\/uploads\/2019\/06\/simon-rae-PI7IdSO2Pvs-unsplash1.jpg","width":2400,"height":1600},{"@type":"BreadcrumbList","@id":"https:\/\/evogreen.be\/fr\/locations\/#breadcrumb","itemListElement":[{"@type":"ListItem","position":1,"name":"Home","item":"https:\/\/evogreen.be\/fr\/"},{"@type":"ListItem","position":2,"name":"Locations"}]},{"@type":"WebSite","@id":"\/#website","url":"\/","name":"Evogreen","description":"Un site utilisant WordPress","publisher":{"@id":"\/#organization"},"potentialAction":[{"@type":"SearchAction","target":{"@type":"EntryPoint","urlTemplate":"\/?s={search_term_string}"},"query-input":{"@type":"PropertyValueSpecification","valueRequired":true,"valueName":"search_term_string"}}],"inLanguage":"fr-FR"},{"@type":"Organization","@id":"\/#organization","name":"Evogreen","url":"\/","logo":{"@type":"ImageObject","inLanguage":"fr-FR","@id":"\/#\/schema\/logo\/image\/","url":"https:\/\/evogreen.be\/wp-content\/uploads\/2019\/06\/logo.png","contentUrl":"https:\/\/evogreen.be\/wp-content\/uploads\/2019\/06\/logo.png","width":2620,"height":455,"caption":"Evogreen"},"image":{"@id":"\/#\/schema\/logo\/image\/"}}]}},"_links":{"self":[{"href":"https:\/\/evogreen.be\/fr\/wp-json\/wp\/v2\/pages\/492","targetHints":{"allow":["GET"]}}],"collection":[{"href":"https:\/\/evogreen.be\/fr\/wp-json\/wp\/v2\/pages"}],"about":[{"href":"https:\/\/evogreen.be\/fr\/wp-json\/wp\/v2\/types\/page"}],"author":[{"embeddable":true,"href":"https:\/\/evogreen.be\/fr\/wp-json\/wp\/v2\/users\/2"}],"replies":[{"embeddable":true,"href":"https:\/\/evogreen.be\/fr\/wp-json\/wp\/v2\/comments?post=492"}],"version-history":[{"count":5,"href":"https:\/\/evogreen.be\/fr\/wp-json\/wp\/v2\/pages\/492\/revisions"}],"predecessor-version":[{"id":5401,"href":"https:\/\/evogreen.be\/fr\/wp-json\/wp\/v2\/pages\/492\/revisions\/5401"}],"wp:featuredmedia":[{"embeddable":true,"href":"https:\/\/evogreen.be\/fr\/wp-json\/wp\/v2\/media\/71"}],"wp:attachment":[{"href":"https:\/\/evogreen.be\/fr\/wp-json\/wp\/v2\/media?parent=492"}],"curies":[{"name":"wp","href":"https:\/\/api.w.org\/{rel}","templated":true}]}}