{"id":2419,"date":"2020-09-29T11:53:02","date_gmt":"2020-09-29T09:53:02","guid":{"rendered":"https:\/\/evogreen.be\/?page_id=2419"},"modified":"2022-02-17T16:16:52","modified_gmt":"2022-02-17T15:16:52","slug":"nouveautes","status":"publish","type":"page","link":"https:\/\/evogreen.be\/fr\/nouveautes\/","title":{"rendered":"Nouveaut\u00e9s"},"content":{"rendered":"\r\n<h2 style=\"font-size: 200%;\" align=\"LEFT\">Les nouveaut\u00e9s Posch sont arriv\u00e9es!<\/h2>\r\n\r\n\r\n\r\n<figure class=\"wp-block-gallery columns-2 wp-block-gallery-1 is-layout-flex wp-block-gallery-is-layout-flex\">\r\n<ul class=\"blocks-gallery-grid\">\r\n<li class=\"blocks-gallery-item\">\r\n<figure><img decoding=\"async\" width=\"300\" height=\"224\" class=\"wp-image-2468\" src=\"https:\/\/dev.evogreen.be\/wp-content\/uploads\/2020\/09\/56aba657-ec22-4fe9-b582-94e037962d0d-1-300x224.png\" alt=\"\" data-id=\"2468\" data-full-url=\"https:\/\/dev.evogreen.be\/wp-content\/uploads\/2020\/09\/56aba657-ec22-4fe9-b582-94e037962d0d-1.png\" data-link=\"https:\/\/dev.evogreen.be\/nouveautes\/56aba657-ec22-4fe9-b582-94e037962d0d-2\/\" srcset=\"https:\/\/evogreen.be\/wp-content\/uploads\/2020\/09\/56aba657-ec22-4fe9-b582-94e037962d0d-1-300x224.png 300w, https:\/\/evogreen.be\/wp-content\/uploads\/2020\/09\/56aba657-ec22-4fe9-b582-94e037962d0d-1-600x448.png 600w, https:\/\/evogreen.be\/wp-content\/uploads\/2020\/09\/56aba657-ec22-4fe9-b582-94e037962d0d-1.png 656w\" sizes=\"(max-width: 300px) 100vw, 300px\" \/><\/figure>\r\n<\/li>\r\n<li class=\"blocks-gallery-item\">\r\n<figure><img decoding=\"async\" width=\"300\" height=\"224\" class=\"wp-image-2465\" src=\"https:\/\/dev.evogreen.be\/wp-content\/uploads\/2020\/09\/38d81bc3-703d-4978-94ca-72c5f9efe7f8-2-300x224.png\" alt=\"\" data-id=\"2465\" data-full-url=\"https:\/\/dev.evogreen.be\/wp-content\/uploads\/2020\/09\/38d81bc3-703d-4978-94ca-72c5f9efe7f8-2.png\" data-link=\"https:\/\/dev.evogreen.be\/nouveautes\/38d81bc3-703d-4978-94ca-72c5f9efe7f8-2\/\" srcset=\"https:\/\/evogreen.be\/wp-content\/uploads\/2020\/09\/38d81bc3-703d-4978-94ca-72c5f9efe7f8-2-300x224.png 300w, https:\/\/evogreen.be\/wp-content\/uploads\/2020\/09\/38d81bc3-703d-4978-94ca-72c5f9efe7f8-2-600x448.png 600w, https:\/\/evogreen.be\/wp-content\/uploads\/2020\/09\/38d81bc3-703d-4978-94ca-72c5f9efe7f8-2.png 656w\" sizes=\"(max-width: 300px) 100vw, 300px\" \/><\/figure>\r\n<\/li>\r\n<\/ul>\r\n<\/figure>\r\n\r\n\r\n\r\n<p><strong>Chers Partenaires,<\/strong><\/p>\r\n\r\n\r\n\r\n<p>Suite aux nouvelles directives europ\u00e9ennes de s\u00e9curit\u00e9, POSCH a d\u00fb adapter\/d\u00e9velopper de nouveaux produits pour r\u00e9pondre \u00e0 ces normes tr\u00e8s restrictives.<br \/>C&rsquo;est donc avec beaucoup de plaisir que nous accueillons divers nouveaux produits dans la gamme:<\/p>\r\n\r\n\r\n\r\n<p><strong>POSCH<\/strong><\/p>\r\n\r\n\r\n\r\n<ul class=\"wp-block-list\">\r\n<li>POLLY =&gt; fendeur horizontal pour bois court. Commande \u00e0 une main!<\/li>\r\n<li>UNICUT =&gt; scie \u00e0 table r\u00e9volutionnaire. Piquet, planche, bois de chauffage \u2026 tout y passe!<\/li>\r\n<li>SCIE A CHEVALET avec TAPIS =&gt; le retour d&rsquo;un grand classique \u00e0 prix comp\u00e9titif!<\/li>\r\n<li>LOGCLEANER =&gt; la solution la plus simple pour des b\u00fbches propres!<\/li>\r\n<li>SPALTFIX K-650 VARIO =&gt; maintenant disponible avec une cabine!<\/li>\r\n<\/ul>\r\n\r\n\r\n\r\n<p><strong>PALDU<\/strong><\/p>\r\n\r\n\r\n\r\n<ul class=\"wp-block-list\">\r\n<li>SCIE A CHEVALET avec TAPIS =&gt; l&rsquo;alternative int\u00e9ressante \u00e0 la scie POSCH!<\/li>\r\n<li>SCIE A CHEVALET =&gt; le retour tant attendu de la gamme des scies PALDU!<\/li>\r\n<\/ul>\r\n\r\n\r\n\r\n<p>Plus de d\u00e9tails ? Consultez\/t\u00e9l\u00e9chargez la brochure: <a href=\"https:\/\/www.posch.com\/wp-content\/uploads\/2020\/09\/posch-news-2020-fr.pdf\" target=\"_blank\" rel=\"noreferrer noopener\">POSCH Nouveaut\u00e9s<\/a><\/p>\r\n\r\n\r\n\r\n<div class=\"wp-block-image\">\r\n<figure class=\"alignleft is-resized\"><a href=\"https:\/\/www.youtube.com\/watch?v=cElwS1C0Of0&amp;t=1s&amp;ab_channel=POSCHLeibnitz\" target=\"_blank\" rel=\"noopener noreferrer\"><img decoding=\"async\" src=\"https:\/\/mcusercontent.com\/7f1a23a4a505efedbfe52bb65\/video_thumbnails_new\/165c06fa4bde75706e34ff7b6a41cdaf.png\" alt=\"\" width=\"320\" height=\"180\" \/><\/a><\/figure>\r\n<\/div>\r\n\r\n\r\n\r\n<div class=\"wp-block-group\">\r\n<div class=\"wp-block-group__inner-container is-layout-flow wp-block-group-is-layout-flow\">\r\n<p><strong class=\"\">Scie \u00e0 chevalet avec convoyeur<\/strong><\/p>\r\n\r\n\r\n\r\n<p>Transport facile<br \/>Diam\u00e8tre de coup jusqu&rsquo;\u00e0 24cm!<br \/>Entrainement PTO ou \u00e9lectrique<\/p>\r\n<\/div>\r\n<\/div>\r\n\r\n\r\n\r\n<div class=\"wp-block-image\">\r\n<figure class=\"alignleft is-resized\"><a href=\"https:\/\/www.youtube.com\/watch?v=Y85ij_qLvVg&amp;t=5s&amp;ab_channel=POSCHLeibnitz\" target=\"_blank\" rel=\"noopener noreferrer\"><img decoding=\"async\" src=\"https:\/\/mcusercontent.com\/7f1a23a4a505efedbfe52bb65\/video_thumbnails_new\/1b453a8659f4cc2f242a41aa22f10616.png\" alt=\"\" width=\"320\" height=\"180\" \/><\/a><\/figure>\r\n<\/div>\r\n\r\n\r\n\r\n<p><strong class=\"\">Fendeuse Polly<\/strong><br \/>Puissance de fendage 8 tonnes!<br \/>Diam\u00e8tre maximum des grumes 40cm<br \/>Fonction AutoSpeed<\/p>\r\n","protected":false},"excerpt":{"rendered":"<p>Les nouveaut\u00e9s Posch sont arriv\u00e9es! Chers Partenaires, Suite aux nouvelles directives europ\u00e9ennes de s\u00e9curit\u00e9, POSCH a d\u00fb adapter\/d\u00e9velopper de nouveaux produits pour r\u00e9pondre \u00e0 ces normes tr\u00e8s restrictives.C&rsquo;est donc avec beaucoup de plaisir que nous accueillons divers nouveaux produits dans la gamme: POSCH POLLY =&gt; fendeur horizontal pour bois court. Commande \u00e0 une main! UNICUT [&hellip;]<\/p>\n","protected":false},"author":2,"featured_media":0,"parent":0,"menu_order":3,"comment_status":"closed","ping_status":"closed","template":"","meta":{"_acf_changed":false,"footnotes":""},"class_list":["post-2419","page","type-page","status-publish","hentry"],"acf":[],"yoast_head":"<!-- This site is optimized with the Yoast SEO plugin v26.9 - https:\/\/yoast.com\/product\/yoast-seo-wordpress\/ -->\n<title>Nouveaut\u00e9s - Evogreen : Importateur de machines environnementales<\/title>\n<meta name=\"description\" content=\"Sur cette page vous trouverez l&#039;ensemble des nouveaut\u00e9s d&#039;Evogreen et des machines de ses nombreux partanaires.\" \/>\n<meta name=\"robots\" content=\"index, follow, max-snippet:-1, max-image-preview:large, max-video-preview:-1\" \/>\n<link rel=\"canonical\" href=\"https:\/\/evogreen.be\/fr\/nouveautes\/\" \/>\n<meta property=\"og:locale\" content=\"fr_FR\" \/>\n<meta property=\"og:type\" content=\"article\" \/>\n<meta property=\"og:title\" content=\"Nouveaut\u00e9s - Evogreen : Importateur de machines environnementales\" \/>\n<meta property=\"og:description\" content=\"Sur cette page vous trouverez l&#039;ensemble des nouveaut\u00e9s d&#039;Evogreen et des machines de ses nombreux partanaires.\" \/>\n<meta property=\"og:url\" content=\"https:\/\/evogreen.be\/fr\/nouveautes\/\" \/>\n<meta property=\"og:site_name\" content=\"Evogreen\" \/>\n<meta property=\"article:modified_time\" content=\"2022-02-17T15:16:52+00:00\" \/>\n<meta property=\"og:image\" content=\"https:\/\/dev.evogreen.be\/wp-content\/uploads\/2020\/09\/56aba657-ec22-4fe9-b582-94e037962d0d-1-300x224.png\" \/>\n<meta name=\"twitter:card\" content=\"summary_large_image\" \/>\n<meta name=\"twitter:label1\" content=\"Dur\u00e9e de lecture estim\u00e9e\" \/>\n\t<meta name=\"twitter:data1\" content=\"2 minutes\" \/>\n<script type=\"application\/ld+json\" class=\"yoast-schema-graph\">{\"@context\":\"https:\/\/schema.org\",\"@graph\":[{\"@type\":\"WebPage\",\"@id\":\"https:\/\/evogreen.be\/fr\/nouveautes\/\",\"url\":\"https:\/\/evogreen.be\/fr\/nouveautes\/\",\"name\":\"Nouveaut\u00e9s - Evogreen : Importateur de machines environnementales\",\"isPartOf\":{\"@id\":\"\/#website\"},\"primaryImageOfPage\":{\"@id\":\"https:\/\/evogreen.be\/fr\/nouveautes\/#primaryimage\"},\"image\":{\"@id\":\"https:\/\/evogreen.be\/fr\/nouveautes\/#primaryimage\"},\"thumbnailUrl\":\"https:\/\/dev.evogreen.be\/wp-content\/uploads\/2020\/09\/56aba657-ec22-4fe9-b582-94e037962d0d-1-300x224.png\",\"datePublished\":\"2020-09-29T09:53:02+00:00\",\"dateModified\":\"2022-02-17T15:16:52+00:00\",\"description\":\"Sur cette page vous trouverez l'ensemble des nouveaut\u00e9s d'Evogreen et des machines de ses nombreux partanaires.\",\"breadcrumb\":{\"@id\":\"https:\/\/evogreen.be\/fr\/nouveautes\/#breadcrumb\"},\"inLanguage\":\"fr-FR\",\"potentialAction\":[{\"@type\":\"ReadAction\",\"target\":[\"https:\/\/evogreen.be\/fr\/nouveautes\/\"]}]},{\"@type\":\"ImageObject\",\"inLanguage\":\"fr-FR\",\"@id\":\"https:\/\/evogreen.be\/fr\/nouveautes\/#primaryimage\",\"url\":\"https:\/\/dev.evogreen.be\/wp-content\/uploads\/2020\/09\/56aba657-ec22-4fe9-b582-94e037962d0d-1-300x224.png\",\"contentUrl\":\"https:\/\/dev.evogreen.be\/wp-content\/uploads\/2020\/09\/56aba657-ec22-4fe9-b582-94e037962d0d-1-300x224.png\"},{\"@type\":\"BreadcrumbList\",\"@id\":\"https:\/\/evogreen.be\/fr\/nouveautes\/#breadcrumb\",\"itemListElement\":[{\"@type\":\"ListItem\",\"position\":1,\"name\":\"Home\",\"item\":\"https:\/\/evogreen.be\/fr\/\"},{\"@type\":\"ListItem\",\"position\":2,\"name\":\"Nouveaut\u00e9s\"}]},{\"@type\":\"WebSite\",\"@id\":\"\/#website\",\"url\":\"\/\",\"name\":\"Evogreen\",\"description\":\"Un site utilisant WordPress\",\"publisher\":{\"@id\":\"\/#organization\"},\"potentialAction\":[{\"@type\":\"SearchAction\",\"target\":{\"@type\":\"EntryPoint\",\"urlTemplate\":\"\/?s={search_term_string}\"},\"query-input\":{\"@type\":\"PropertyValueSpecification\",\"valueRequired\":true,\"valueName\":\"search_term_string\"}}],\"inLanguage\":\"fr-FR\"},{\"@type\":\"Organization\",\"@id\":\"\/#organization\",\"name\":\"Evogreen\",\"url\":\"\/\",\"logo\":{\"@type\":\"ImageObject\",\"inLanguage\":\"fr-FR\",\"@id\":\"\/#\/schema\/logo\/image\/\",\"url\":\"https:\/\/evogreen.be\/wp-content\/uploads\/2019\/06\/logo.png\",\"contentUrl\":\"https:\/\/evogreen.be\/wp-content\/uploads\/2019\/06\/logo.png\",\"width\":2620,\"height\":455,\"caption\":\"Evogreen\"},\"image\":{\"@id\":\"\/#\/schema\/logo\/image\/\"}}]}<\/script>\n<!-- \/ Yoast SEO plugin. -->","yoast_head_json":{"title":"Nouveaut\u00e9s - Evogreen : Importateur de machines environnementales","description":"Sur cette page vous trouverez l'ensemble des nouveaut\u00e9s d'Evogreen et des machines de ses nombreux partanaires.","robots":{"index":"index","follow":"follow","max-snippet":"max-snippet:-1","max-image-preview":"max-image-preview:large","max-video-preview":"max-video-preview:-1"},"canonical":"https:\/\/evogreen.be\/fr\/nouveautes\/","og_locale":"fr_FR","og_type":"article","og_title":"Nouveaut\u00e9s - Evogreen : Importateur de machines environnementales","og_description":"Sur cette page vous trouverez l'ensemble des nouveaut\u00e9s d'Evogreen et des machines de ses nombreux partanaires.","og_url":"https:\/\/evogreen.be\/fr\/nouveautes\/","og_site_name":"Evogreen","article_modified_time":"2022-02-17T15:16:52+00:00","og_image":[{"url":"https:\/\/dev.evogreen.be\/wp-content\/uploads\/2020\/09\/56aba657-ec22-4fe9-b582-94e037962d0d-1-300x224.png","type":"","width":"","height":""}],"twitter_card":"summary_large_image","twitter_misc":{"Dur\u00e9e de lecture estim\u00e9e":"2 minutes"},"schema":{"@context":"https:\/\/schema.org","@graph":[{"@type":"WebPage","@id":"https:\/\/evogreen.be\/fr\/nouveautes\/","url":"https:\/\/evogreen.be\/fr\/nouveautes\/","name":"Nouveaut\u00e9s - Evogreen : Importateur de machines environnementales","isPartOf":{"@id":"\/#website"},"primaryImageOfPage":{"@id":"https:\/\/evogreen.be\/fr\/nouveautes\/#primaryimage"},"image":{"@id":"https:\/\/evogreen.be\/fr\/nouveautes\/#primaryimage"},"thumbnailUrl":"https:\/\/dev.evogreen.be\/wp-content\/uploads\/2020\/09\/56aba657-ec22-4fe9-b582-94e037962d0d-1-300x224.png","datePublished":"2020-09-29T09:53:02+00:00","dateModified":"2022-02-17T15:16:52+00:00","description":"Sur cette page vous trouverez l'ensemble des nouveaut\u00e9s d'Evogreen et des machines de ses nombreux partanaires.","breadcrumb":{"@id":"https:\/\/evogreen.be\/fr\/nouveautes\/#breadcrumb"},"inLanguage":"fr-FR","potentialAction":[{"@type":"ReadAction","target":["https:\/\/evogreen.be\/fr\/nouveautes\/"]}]},{"@type":"ImageObject","inLanguage":"fr-FR","@id":"https:\/\/evogreen.be\/fr\/nouveautes\/#primaryimage","url":"https:\/\/dev.evogreen.be\/wp-content\/uploads\/2020\/09\/56aba657-ec22-4fe9-b582-94e037962d0d-1-300x224.png","contentUrl":"https:\/\/dev.evogreen.be\/wp-content\/uploads\/2020\/09\/56aba657-ec22-4fe9-b582-94e037962d0d-1-300x224.png"},{"@type":"BreadcrumbList","@id":"https:\/\/evogreen.be\/fr\/nouveautes\/#breadcrumb","itemListElement":[{"@type":"ListItem","position":1,"name":"Home","item":"https:\/\/evogreen.be\/fr\/"},{"@type":"ListItem","position":2,"name":"Nouveaut\u00e9s"}]},{"@type":"WebSite","@id":"\/#website","url":"\/","name":"Evogreen","description":"Un site utilisant WordPress","publisher":{"@id":"\/#organization"},"potentialAction":[{"@type":"SearchAction","target":{"@type":"EntryPoint","urlTemplate":"\/?s={search_term_string}"},"query-input":{"@type":"PropertyValueSpecification","valueRequired":true,"valueName":"search_term_string"}}],"inLanguage":"fr-FR"},{"@type":"Organization","@id":"\/#organization","name":"Evogreen","url":"\/","logo":{"@type":"ImageObject","inLanguage":"fr-FR","@id":"\/#\/schema\/logo\/image\/","url":"https:\/\/evogreen.be\/wp-content\/uploads\/2019\/06\/logo.png","contentUrl":"https:\/\/evogreen.be\/wp-content\/uploads\/2019\/06\/logo.png","width":2620,"height":455,"caption":"Evogreen"},"image":{"@id":"\/#\/schema\/logo\/image\/"}}]}},"_links":{"self":[{"href":"https:\/\/evogreen.be\/fr\/wp-json\/wp\/v2\/pages\/2419","targetHints":{"allow":["GET"]}}],"collection":[{"href":"https:\/\/evogreen.be\/fr\/wp-json\/wp\/v2\/pages"}],"about":[{"href":"https:\/\/evogreen.be\/fr\/wp-json\/wp\/v2\/types\/page"}],"author":[{"embeddable":true,"href":"https:\/\/evogreen.be\/fr\/wp-json\/wp\/v2\/users\/2"}],"replies":[{"embeddable":true,"href":"https:\/\/evogreen.be\/fr\/wp-json\/wp\/v2\/comments?post=2419"}],"version-history":[{"count":5,"href":"https:\/\/evogreen.be\/fr\/wp-json\/wp\/v2\/pages\/2419\/revisions"}],"predecessor-version":[{"id":5402,"href":"https:\/\/evogreen.be\/fr\/wp-json\/wp\/v2\/pages\/2419\/revisions\/5402"}],"wp:attachment":[{"href":"https:\/\/evogreen.be\/fr\/wp-json\/wp\/v2\/media?parent=2419"}],"curies":[{"name":"wp","href":"https:\/\/api.w.org\/{rel}","templated":true}]}}