{"id":18498,"date":"2025-06-23T17:00:13","date_gmt":"2025-06-23T15:00:13","guid":{"rendered":"https:\/\/evogreen.be\/?page_id=18498"},"modified":"2025-06-26T14:56:24","modified_gmt":"2025-06-26T12:56:24","slug":"conditions-generales-de-ventes","status":"publish","type":"page","link":"https:\/\/evogreen.be\/fr\/conditions-generales-de-ventes\/","title":{"rendered":"Conditions g\u00e9n\u00e9rales de ventes"},"content":{"rendered":"\r\n<h2 style=\"font-size: 200%; text-align: center;\" align=\"LEFT\">\u00a0<span class=\"fontstyle0\">CONDITIONS GENERALES DE VENTES<\/span><\/h2>\r\n<p>&nbsp;<\/p>\r\n<ol>\r\n<li>1. Nos ventes, fournitures et travaux sont soumis exclusivement aux conditions g\u00e9n\u00e9rales ci-apr\u00e8s, sauf d\u00e9rogation mentionn\u00e9e de mani\u00e8re explicite dans notre offre ou notre bon de commande. Les conditions d\u2019achat du client ne nous sont opposables que si nous les avons pr\u00e9alablement accept\u00e9es de fa\u00e7on formelle \u00e9crite.<br \/><br \/><\/li>\r\n<li>2. Nos offres s\u2019entendent toujours sans engagement et sauf vente. Les bons de commande sign\u00e9s par nos vendeurs n\u2019engagent notre firme qu\u2019apr\u00e8s confirmation \u00e9crite.<br \/><br \/><\/li>\r\n<li>3. Nos prix sont donn\u00e9s sans engagement et sont susceptibles d\u2019\u00eatre modifi\u00e9s \u00e0 tout moment en fonction des variations des co\u00fbts, des mati\u00e8res, de la main-d\u2019oeuvre, des taux de change, de modification de taxes, etc&#8230; Le client renonce \u00e0 invoquer une variation de prix pour annuler la commande.<br \/><br \/><\/li>\r\n<li>4. Les d\u00e9lais de livraison sont donn\u00e9s \u00e0 titre indicatif et ne nous lient pas. En effet, ils sont sujets \u00e0 de multiples impond\u00e9rables. En cas de d\u00e9passement, ils ne peuvent donner lieu ni \u00e0 r\u00e9siliation du contrat, ni \u00e0 diminution de prix, ni \u00e0 indemnit\u00e9. En cas de force majeure, telle que gr\u00e8ve, lock-out, r\u00e9quisition, incendie, inondation, etc&#8230; les d\u00e9lais sont d\u2019office suspendus.<br \/><br \/><\/li>\r\n<li>5. Les marchandises sont consid\u00e9r\u00e9es comme livr\u00e9es \u00e0 partir de nos entrep\u00f4ts pour exp\u00e9dition. Elles sont d\u00e8s lors trasnport\u00e9es aux risques de l\u2019acheteur. Il lui appartient de v\u00e9rifier la conformit\u00e9 des marchandises lors de leur r\u00e9ception.<\/li>\r\n<li>6. Toute r\u00e9clamation sur la nature des marchandises, les manquants ou d\u00e9t\u00e9riorations, doit \u00eatre faite par \u00e9crit dans les 8 jours de r\u00e9ception des marchandises.<br \/><br \/><\/li>\r\n<li>7. Par d\u00e9rogation \u00e0 l\u2019article 1583 du code civil, les marchandises et mat\u00e9riels restent notre enti\u00e8re propri\u00e9t\u00e9 jusqu\u2019\u00e0 paiement int\u00e9gral du prix, m\u00eame si ceux-ci ont \u00e9t\u00e9 rendus immeubles par incorporation ou par destination. L\u2019acheteur s\u2019interdit donc d\u2019en disposer d\u2019une mani\u00e8re quelconque. Il s\u2019engage \u00e0 l\u2019entretenir en bon p\u00e8re de famille et \u00e0 le tenir \u00e0 disposition du vendeur. En cas de saisie, il s\u2019engage \u00e0 donner connaissance du contrat contenant la pr\u00e9sente clause et \u00e0 en avertir imm\u00e9diatement le vendeur.<br \/><br \/><\/li>\r\n<li>8. Les dimensions, poids, d\u00e9bits et autres caract\u00e9ristiques, de m\u00eame que les dessins figurant sur catalogues et prospectus, sont \u00e0 consid\u00e9rer comme approximatifs. Nous nous r\u00e9servons le droit d\u2019apporter aux machines et appareils les modifications jug\u00e9es utiles \u00e0 leur bon fonctionnement. Le client ne peut en ce cas ni r\u00e9silier le contrat ni exiger les m\u00eames modifications aux appareils qui auraient d\u00e9j\u00e0 \u00e9t\u00e9 command\u00e9s.<br \/><br \/><\/li>\r\n<li>9. Tous les paiements doivent \u00eatre faits comptant au si\u00e8ge du vendeur. Nos agents et d\u00e9l\u00e9gu\u00e9s ne sont pas autoris\u00e9s \u00e0 encaisser des sommes pour compte du vendeur. Tout paiement fait entre leurs mains est donc non-avenu. Au cas o\u00f9 nous avons accept\u00e9 des paiements \u00e9chelonn\u00e9s, le solde est imm\u00e9diatement exigible en cas de non-paiement d\u2019une seule \u00e9ch\u00e9ance. De convention expresse, le non-paiement \u00e0 l\u2019\u00e9ch\u00e9ance convenue entra\u00eene de plein droit et sans mise en demeure la d\u00e9bition d\u2019un int\u00e9r\u00eat de retard de 1 % par mois. Par ailleurs, le solde restant d\u00fb devient imm\u00e9diatement exigible. En outre et \u00e0 d\u00e9faut de paiement 15 jours apr\u00e8s l\u2019envoi d\u2019une lettre recommand\u00e9e de mise en demeure, une indemnit\u00e9 \u00e9gale \u00e0 15 % du solde reste d\u00fb avec un minimum de \u20ac 65. Ind\u00e9pendamment de ce qui pr\u00e9c\u00e8de le vendeur se r\u00e9serve le droit, en cas de retard, d\u2019arr\u00eater les livraisons, de r\u00e9silier le contrat ou de reprendre le mat\u00e9riel en application de la clause n\u00b0 7.<br \/><br \/><\/li>\r\n<li>10. Nous garantissons le mat\u00e9riel achet\u00e9 contre tout vice de mati\u00e8re ou contre tout d\u00e9faut d&rsquo;ex\u00e9cution pendant une dur\u00e9e d&rsquo;un an \u00e0 compter de la livraison. Notre responsabilit\u00e9 est limit\u00e9e de convention expresse \u00e0 la r\u00e9paration ou \u00e0 l&rsquo;\u00e9change gratuit des pi\u00e8ces reconnues d\u00e9fectueuses, \u00e0 l&rsquo;exclusion de toute autre indemnit\u00e9 pour quelque cause que ce soit, telle que d\u00e9pannage, immobilisation, dommages aux biens du client ou de tiers, etc&#8230;. Pour les pi\u00e8ces et accessoires ne provenant pas de nos ateliers, seule la garantie des fabricants de ces pi\u00e8ces sera d&rsquo;application. Aucune garantie n&rsquo;est donn\u00e9e pour les pi\u00e8ces en verre, caoutchouc, plastique, papier, carbone et autres mat\u00e9riaux facilement endommageables. Les pi\u00e8ces remplac\u00e9es restent notre propri\u00e9t\u00e9. Notre intervention en garantie n&rsquo;a pas pour effet de prolonger la p\u00e9riode de garantie. Le client qui invoque la garantie doit nous en informer imm\u00e9diatement par \u00e9crit. La garantie expire si le client fait appel \u00e0 des tiers pour effectuer des r\u00e9parations sur la machine sans autorisation pr\u00e9alable. est enregistr\u00e9e et en aviser imm\u00e9diatement le vendeur.<\/li>\r\n<li>11. En cas de r\u00e9siliation unilat\u00e9rale du contrat par l\u2019acheteur, celui-ci doit payer au vendeur un tiers du prix de vente \u00e0 titre d\u2019indemnisation.<br \/><br \/><\/li>\r\n<li>12. Afin d\u2019assurer un bon fonctionnement des appareils, l\u2019acheteur doit pr\u00e9voir une infrastructure ajust\u00e9e. Les raccordements qui ne r\u00e9pondent pas \u00e0 la capacit\u00e9 n\u00e9cessaire (courant \u00e9lectrique, conduite d\u2019eau, arriv\u00e9e d\u2019air, etc.) sont du ressort de la responsabilit\u00e9 de l\u2019acheteur. Toute adaptation n\u00e9cessaire est \u00e0 charge de l\u2019acheteur.<br \/><br \/><\/li>\r\n<li>13. En cas de diff\u00e9rend, seuls les tribunaux du si\u00e8ge du vendeur sont comp\u00e9tents. En cas de vente ou de r\u00e9paration pour un client \u00e9tranger, c\u2019est le Droit belge qui est d\u2019application.<\/li>\r\n<\/ol>\r\n","protected":false},"excerpt":{"rendered":"<p>\u00a0CONDITIONS GENERALES DE VENTES &nbsp; 1. Nos ventes, fournitures et travaux sont soumis exclusivement aux conditions g\u00e9n\u00e9rales ci-apr\u00e8s, sauf d\u00e9rogation mentionn\u00e9e de mani\u00e8re explicite dans notre offre ou notre bon de commande. Les conditions d\u2019achat du client ne nous sont opposables que si nous les avons pr\u00e9alablement accept\u00e9es de fa\u00e7on formelle \u00e9crite. 2. Nos offres [&hellip;]<\/p>\n","protected":false},"author":1,"featured_media":0,"parent":0,"menu_order":23,"comment_status":"closed","ping_status":"closed","template":"contact.php","meta":{"_acf_changed":false,"footnotes":""},"class_list":["post-18498","page","type-page","status-publish","hentry"],"acf":[],"yoast_head":"<!-- This site is optimized with the Yoast SEO plugin v26.9 - https:\/\/yoast.com\/product\/yoast-seo-wordpress\/ -->\n<title>Nous contacter - Evogreen : machinerie environnementale<\/title>\n<meta name=\"description\" content=\"Sur cette page vous pourrez contacter notre \u00e9quipe pour un location ou pour une demande d&#039;informations concernant nos services\/produits.\" \/>\n<meta name=\"robots\" content=\"index, follow, max-snippet:-1, max-image-preview:large, max-video-preview:-1\" \/>\n<link rel=\"canonical\" href=\"https:\/\/evogreen.be\/fr\/conditions-generales-de-ventes\/\" \/>\n<meta property=\"og:locale\" content=\"fr_FR\" \/>\n<meta property=\"og:type\" content=\"article\" \/>\n<meta property=\"og:title\" content=\"Nous contacter - Evogreen : machinerie environnementale\" \/>\n<meta property=\"og:description\" content=\"Sur cette page vous pourrez contacter notre \u00e9quipe pour un location ou pour une demande d&#039;informations concernant nos services\/produits.\" \/>\n<meta property=\"og:url\" content=\"https:\/\/evogreen.be\/fr\/conditions-generales-de-ventes\/\" \/>\n<meta property=\"og:site_name\" content=\"Evogreen\" \/>\n<meta property=\"article:modified_time\" content=\"2025-06-26T12:56:24+00:00\" \/>\n<meta name=\"twitter:card\" content=\"summary_large_image\" \/>\n<meta name=\"twitter:label1\" content=\"Dur\u00e9e de lecture estim\u00e9e\" \/>\n\t<meta name=\"twitter:data1\" content=\"5 minutes\" \/>\n<script type=\"application\/ld+json\" class=\"yoast-schema-graph\">{\"@context\":\"https:\/\/schema.org\",\"@graph\":[{\"@type\":\"WebPage\",\"@id\":\"https:\/\/evogreen.be\/fr\/conditions-generales-de-ventes\/\",\"url\":\"https:\/\/evogreen.be\/fr\/conditions-generales-de-ventes\/\",\"name\":\"Nous contacter - Evogreen : machinerie environnementale\",\"isPartOf\":{\"@id\":\"\/#website\"},\"datePublished\":\"2025-06-23T15:00:13+00:00\",\"dateModified\":\"2025-06-26T12:56:24+00:00\",\"description\":\"Sur cette page vous pourrez contacter notre \u00e9quipe pour un location ou pour une demande d'informations concernant nos services\/produits.\",\"breadcrumb\":{\"@id\":\"https:\/\/evogreen.be\/fr\/conditions-generales-de-ventes\/#breadcrumb\"},\"inLanguage\":\"fr-FR\",\"potentialAction\":[{\"@type\":\"ReadAction\",\"target\":[\"https:\/\/evogreen.be\/fr\/conditions-generales-de-ventes\/\"]}]},{\"@type\":\"BreadcrumbList\",\"@id\":\"https:\/\/evogreen.be\/fr\/conditions-generales-de-ventes\/#breadcrumb\",\"itemListElement\":[{\"@type\":\"ListItem\",\"position\":1,\"name\":\"Home\",\"item\":\"https:\/\/evogreen.be\/fr\/\"},{\"@type\":\"ListItem\",\"position\":2,\"name\":\"Conditions g\u00e9n\u00e9rales de ventes\"}]},{\"@type\":\"WebSite\",\"@id\":\"\/#website\",\"url\":\"\/\",\"name\":\"Evogreen\",\"description\":\"Un site utilisant WordPress\",\"publisher\":{\"@id\":\"\/#organization\"},\"potentialAction\":[{\"@type\":\"SearchAction\",\"target\":{\"@type\":\"EntryPoint\",\"urlTemplate\":\"\/?s={search_term_string}\"},\"query-input\":{\"@type\":\"PropertyValueSpecification\",\"valueRequired\":true,\"valueName\":\"search_term_string\"}}],\"inLanguage\":\"fr-FR\"},{\"@type\":\"Organization\",\"@id\":\"\/#organization\",\"name\":\"Evogreen\",\"url\":\"\/\",\"logo\":{\"@type\":\"ImageObject\",\"inLanguage\":\"fr-FR\",\"@id\":\"\/#\/schema\/logo\/image\/\",\"url\":\"https:\/\/evogreen.be\/wp-content\/uploads\/2019\/06\/logo.png\",\"contentUrl\":\"https:\/\/evogreen.be\/wp-content\/uploads\/2019\/06\/logo.png\",\"width\":2620,\"height\":455,\"caption\":\"Evogreen\"},\"image\":{\"@id\":\"\/#\/schema\/logo\/image\/\"}}]}<\/script>\n<!-- \/ Yoast SEO plugin. -->","yoast_head_json":{"title":"Nous contacter - Evogreen : machinerie environnementale","description":"Sur cette page vous pourrez contacter notre \u00e9quipe pour un location ou pour une demande d'informations concernant nos services\/produits.","robots":{"index":"index","follow":"follow","max-snippet":"max-snippet:-1","max-image-preview":"max-image-preview:large","max-video-preview":"max-video-preview:-1"},"canonical":"https:\/\/evogreen.be\/fr\/conditions-generales-de-ventes\/","og_locale":"fr_FR","og_type":"article","og_title":"Nous contacter - Evogreen : machinerie environnementale","og_description":"Sur cette page vous pourrez contacter notre \u00e9quipe pour un location ou pour une demande d'informations concernant nos services\/produits.","og_url":"https:\/\/evogreen.be\/fr\/conditions-generales-de-ventes\/","og_site_name":"Evogreen","article_modified_time":"2025-06-26T12:56:24+00:00","twitter_card":"summary_large_image","twitter_misc":{"Dur\u00e9e de lecture estim\u00e9e":"5 minutes"},"schema":{"@context":"https:\/\/schema.org","@graph":[{"@type":"WebPage","@id":"https:\/\/evogreen.be\/fr\/conditions-generales-de-ventes\/","url":"https:\/\/evogreen.be\/fr\/conditions-generales-de-ventes\/","name":"Nous contacter - Evogreen : machinerie environnementale","isPartOf":{"@id":"\/#website"},"datePublished":"2025-06-23T15:00:13+00:00","dateModified":"2025-06-26T12:56:24+00:00","description":"Sur cette page vous pourrez contacter notre \u00e9quipe pour un location ou pour une demande d'informations concernant nos services\/produits.","breadcrumb":{"@id":"https:\/\/evogreen.be\/fr\/conditions-generales-de-ventes\/#breadcrumb"},"inLanguage":"fr-FR","potentialAction":[{"@type":"ReadAction","target":["https:\/\/evogreen.be\/fr\/conditions-generales-de-ventes\/"]}]},{"@type":"BreadcrumbList","@id":"https:\/\/evogreen.be\/fr\/conditions-generales-de-ventes\/#breadcrumb","itemListElement":[{"@type":"ListItem","position":1,"name":"Home","item":"https:\/\/evogreen.be\/fr\/"},{"@type":"ListItem","position":2,"name":"Conditions g\u00e9n\u00e9rales de ventes"}]},{"@type":"WebSite","@id":"\/#website","url":"\/","name":"Evogreen","description":"Un site utilisant WordPress","publisher":{"@id":"\/#organization"},"potentialAction":[{"@type":"SearchAction","target":{"@type":"EntryPoint","urlTemplate":"\/?s={search_term_string}"},"query-input":{"@type":"PropertyValueSpecification","valueRequired":true,"valueName":"search_term_string"}}],"inLanguage":"fr-FR"},{"@type":"Organization","@id":"\/#organization","name":"Evogreen","url":"\/","logo":{"@type":"ImageObject","inLanguage":"fr-FR","@id":"\/#\/schema\/logo\/image\/","url":"https:\/\/evogreen.be\/wp-content\/uploads\/2019\/06\/logo.png","contentUrl":"https:\/\/evogreen.be\/wp-content\/uploads\/2019\/06\/logo.png","width":2620,"height":455,"caption":"Evogreen"},"image":{"@id":"\/#\/schema\/logo\/image\/"}}]}},"_links":{"self":[{"href":"https:\/\/evogreen.be\/fr\/wp-json\/wp\/v2\/pages\/18498","targetHints":{"allow":["GET"]}}],"collection":[{"href":"https:\/\/evogreen.be\/fr\/wp-json\/wp\/v2\/pages"}],"about":[{"href":"https:\/\/evogreen.be\/fr\/wp-json\/wp\/v2\/types\/page"}],"author":[{"embeddable":true,"href":"https:\/\/evogreen.be\/fr\/wp-json\/wp\/v2\/users\/1"}],"replies":[{"embeddable":true,"href":"https:\/\/evogreen.be\/fr\/wp-json\/wp\/v2\/comments?post=18498"}],"version-history":[{"count":12,"href":"https:\/\/evogreen.be\/fr\/wp-json\/wp\/v2\/pages\/18498\/revisions"}],"predecessor-version":[{"id":18551,"href":"https:\/\/evogreen.be\/fr\/wp-json\/wp\/v2\/pages\/18498\/revisions\/18551"}],"wp:attachment":[{"href":"https:\/\/evogreen.be\/fr\/wp-json\/wp\/v2\/media?parent=18498"}],"curies":[{"name":"wp","href":"https:\/\/api.w.org\/{rel}","templated":true}]}}