{"id":1759,"date":"2020-09-28T11:44:53","date_gmt":"2020-09-28T09:44:53","guid":{"rendered":"https:\/\/evogreen.be\/?page_id=1759"},"modified":"2020-11-17T14:18:54","modified_gmt":"2020-11-17T13:18:54","slug":"demander-une-demo","status":"publish","type":"page","link":"https:\/\/evogreen.be\/fr\/demander-une-demo\/","title":{"rendered":"Demander une d\u00e9mo"},"content":{"rendered":"\n<p>Vous d\u00e9sirez prendre contact avec notre \u00e9quipe&nbsp;<strong>dans le cadre d\u2019une d\u2019une demande de d\u00e9monstration <\/strong>&nbsp;veillez \u00e0 bien remplir les champs obligatoires du formulaire de contact ci-dessous. Nous nous engageons \u00e0 prendre contact avec vous dans les plus brefs d\u00e9lais.<\/p>\n","protected":false},"excerpt":{"rendered":"<p>Vous d\u00e9sirez prendre contact avec notre \u00e9quipe&nbsp;dans le cadre d\u2019une d\u2019une demande de d\u00e9monstration &nbsp;veillez \u00e0 bien remplir les champs obligatoires du formulaire de contact ci-dessous. Nous nous engageons \u00e0 prendre contact avec vous dans les plus brefs d\u00e9lais.<\/p>\n","protected":false},"author":2,"featured_media":0,"parent":0,"menu_order":4,"comment_status":"closed","ping_status":"closed","template":"contact.php","meta":{"_acf_changed":false,"footnotes":""},"class_list":["post-1759","page","type-page","status-publish","hentry"],"acf":[],"yoast_head":"<!-- This site is optimized with the Yoast SEO plugin v26.9 - https:\/\/yoast.com\/product\/yoast-seo-wordpress\/ -->\n<title>Demander une d\u00e9mo - Evogreen : distributeur de machines environnementales<\/title>\n<meta name=\"description\" content=\"Vous d\u00e9sirez prendre contact avec notre \u00e9quipe dans le cadre d\u2019une d\u2019une demande de d\u00e9monstration? Remplissez les champs sur cette page.\" \/>\n<meta name=\"robots\" content=\"index, follow, max-snippet:-1, max-image-preview:large, max-video-preview:-1\" \/>\n<link rel=\"canonical\" href=\"https:\/\/evogreen.be\/fr\/demander-une-demo\/\" \/>\n<meta property=\"og:locale\" content=\"fr_FR\" \/>\n<meta property=\"og:type\" content=\"article\" \/>\n<meta property=\"og:title\" content=\"Demander une d\u00e9mo - Evogreen : distributeur de machines environnementales\" \/>\n<meta property=\"og:description\" content=\"Vous d\u00e9sirez prendre contact avec notre \u00e9quipe dans le cadre d\u2019une d\u2019une demande de d\u00e9monstration? Remplissez les champs sur cette page.\" \/>\n<meta property=\"og:url\" content=\"https:\/\/evogreen.be\/fr\/demander-une-demo\/\" \/>\n<meta property=\"og:site_name\" content=\"Evogreen\" \/>\n<meta property=\"article:modified_time\" content=\"2020-11-17T13:18:54+00:00\" \/>\n<meta name=\"twitter:card\" content=\"summary_large_image\" \/>\n<script type=\"application\/ld+json\" class=\"yoast-schema-graph\">{\"@context\":\"https:\/\/schema.org\",\"@graph\":[{\"@type\":\"WebPage\",\"@id\":\"https:\/\/evogreen.be\/fr\/demander-une-demo\/\",\"url\":\"https:\/\/evogreen.be\/fr\/demander-une-demo\/\",\"name\":\"Demander une d\u00e9mo - Evogreen : distributeur de machines environnementales\",\"isPartOf\":{\"@id\":\"\/#website\"},\"datePublished\":\"2020-09-28T09:44:53+00:00\",\"dateModified\":\"2020-11-17T13:18:54+00:00\",\"description\":\"Vous d\u00e9sirez prendre contact avec notre \u00e9quipe dans le cadre d\u2019une d\u2019une demande de d\u00e9monstration? Remplissez les champs sur cette page.\",\"breadcrumb\":{\"@id\":\"https:\/\/evogreen.be\/fr\/demander-une-demo\/#breadcrumb\"},\"inLanguage\":\"fr-FR\",\"potentialAction\":[{\"@type\":\"ReadAction\",\"target\":[\"https:\/\/evogreen.be\/fr\/demander-une-demo\/\"]}]},{\"@type\":\"BreadcrumbList\",\"@id\":\"https:\/\/evogreen.be\/fr\/demander-une-demo\/#breadcrumb\",\"itemListElement\":[{\"@type\":\"ListItem\",\"position\":1,\"name\":\"Home\",\"item\":\"https:\/\/evogreen.be\/fr\/\"},{\"@type\":\"ListItem\",\"position\":2,\"name\":\"Demander une d\u00e9mo\"}]},{\"@type\":\"WebSite\",\"@id\":\"\/#website\",\"url\":\"\/\",\"name\":\"Evogreen\",\"description\":\"Un site utilisant WordPress\",\"publisher\":{\"@id\":\"\/#organization\"},\"potentialAction\":[{\"@type\":\"SearchAction\",\"target\":{\"@type\":\"EntryPoint\",\"urlTemplate\":\"\/?s={search_term_string}\"},\"query-input\":{\"@type\":\"PropertyValueSpecification\",\"valueRequired\":true,\"valueName\":\"search_term_string\"}}],\"inLanguage\":\"fr-FR\"},{\"@type\":\"Organization\",\"@id\":\"\/#organization\",\"name\":\"Evogreen\",\"url\":\"\/\",\"logo\":{\"@type\":\"ImageObject\",\"inLanguage\":\"fr-FR\",\"@id\":\"\/#\/schema\/logo\/image\/\",\"url\":\"https:\/\/evogreen.be\/wp-content\/uploads\/2019\/06\/logo.png\",\"contentUrl\":\"https:\/\/evogreen.be\/wp-content\/uploads\/2019\/06\/logo.png\",\"width\":2620,\"height\":455,\"caption\":\"Evogreen\"},\"image\":{\"@id\":\"\/#\/schema\/logo\/image\/\"}}]}<\/script>\n<!-- \/ Yoast SEO plugin. -->","yoast_head_json":{"title":"Demander une d\u00e9mo - Evogreen : distributeur de machines environnementales","description":"Vous d\u00e9sirez prendre contact avec notre \u00e9quipe dans le cadre d\u2019une d\u2019une demande de d\u00e9monstration? Remplissez les champs sur cette page.","robots":{"index":"index","follow":"follow","max-snippet":"max-snippet:-1","max-image-preview":"max-image-preview:large","max-video-preview":"max-video-preview:-1"},"canonical":"https:\/\/evogreen.be\/fr\/demander-une-demo\/","og_locale":"fr_FR","og_type":"article","og_title":"Demander une d\u00e9mo - Evogreen : distributeur de machines environnementales","og_description":"Vous d\u00e9sirez prendre contact avec notre \u00e9quipe dans le cadre d\u2019une d\u2019une demande de d\u00e9monstration? Remplissez les champs sur cette page.","og_url":"https:\/\/evogreen.be\/fr\/demander-une-demo\/","og_site_name":"Evogreen","article_modified_time":"2020-11-17T13:18:54+00:00","twitter_card":"summary_large_image","schema":{"@context":"https:\/\/schema.org","@graph":[{"@type":"WebPage","@id":"https:\/\/evogreen.be\/fr\/demander-une-demo\/","url":"https:\/\/evogreen.be\/fr\/demander-une-demo\/","name":"Demander une d\u00e9mo - Evogreen : distributeur de machines environnementales","isPartOf":{"@id":"\/#website"},"datePublished":"2020-09-28T09:44:53+00:00","dateModified":"2020-11-17T13:18:54+00:00","description":"Vous d\u00e9sirez prendre contact avec notre \u00e9quipe dans le cadre d\u2019une d\u2019une demande de d\u00e9monstration? Remplissez les champs sur cette page.","breadcrumb":{"@id":"https:\/\/evogreen.be\/fr\/demander-une-demo\/#breadcrumb"},"inLanguage":"fr-FR","potentialAction":[{"@type":"ReadAction","target":["https:\/\/evogreen.be\/fr\/demander-une-demo\/"]}]},{"@type":"BreadcrumbList","@id":"https:\/\/evogreen.be\/fr\/demander-une-demo\/#breadcrumb","itemListElement":[{"@type":"ListItem","position":1,"name":"Home","item":"https:\/\/evogreen.be\/fr\/"},{"@type":"ListItem","position":2,"name":"Demander une d\u00e9mo"}]},{"@type":"WebSite","@id":"\/#website","url":"\/","name":"Evogreen","description":"Un site utilisant WordPress","publisher":{"@id":"\/#organization"},"potentialAction":[{"@type":"SearchAction","target":{"@type":"EntryPoint","urlTemplate":"\/?s={search_term_string}"},"query-input":{"@type":"PropertyValueSpecification","valueRequired":true,"valueName":"search_term_string"}}],"inLanguage":"fr-FR"},{"@type":"Organization","@id":"\/#organization","name":"Evogreen","url":"\/","logo":{"@type":"ImageObject","inLanguage":"fr-FR","@id":"\/#\/schema\/logo\/image\/","url":"https:\/\/evogreen.be\/wp-content\/uploads\/2019\/06\/logo.png","contentUrl":"https:\/\/evogreen.be\/wp-content\/uploads\/2019\/06\/logo.png","width":2620,"height":455,"caption":"Evogreen"},"image":{"@id":"\/#\/schema\/logo\/image\/"}}]}},"_links":{"self":[{"href":"https:\/\/evogreen.be\/fr\/wp-json\/wp\/v2\/pages\/1759","targetHints":{"allow":["GET"]}}],"collection":[{"href":"https:\/\/evogreen.be\/fr\/wp-json\/wp\/v2\/pages"}],"about":[{"href":"https:\/\/evogreen.be\/fr\/wp-json\/wp\/v2\/types\/page"}],"author":[{"embeddable":true,"href":"https:\/\/evogreen.be\/fr\/wp-json\/wp\/v2\/users\/2"}],"replies":[{"embeddable":true,"href":"https:\/\/evogreen.be\/fr\/wp-json\/wp\/v2\/comments?post=1759"}],"version-history":[{"count":5,"href":"https:\/\/evogreen.be\/fr\/wp-json\/wp\/v2\/pages\/1759\/revisions"}],"predecessor-version":[{"id":1807,"href":"https:\/\/evogreen.be\/fr\/wp-json\/wp\/v2\/pages\/1759\/revisions\/1807"}],"wp:attachment":[{"href":"https:\/\/evogreen.be\/fr\/wp-json\/wp\/v2\/media?parent=1759"}],"curies":[{"name":"wp","href":"https:\/\/api.w.org\/{rel}","templated":true}]}}